{"id":4313,"date":"2020-03-21T10:20:26","date_gmt":"2020-03-21T09:20:26","guid":{"rendered":"http:\/\/test.sv-hagner-holler.de\/?page_id=4313"},"modified":"2025-07-11T23:03:53","modified_gmt":"2025-07-11T21:03:53","slug":"home","status":"publish","type":"page","link":"https:\/\/www.sv-hagner-holler.de\/hu\/","title":{"rendered":"Kezd\u0151lap"},"content":{"rendered":"\n\n\n\t\t\n\t\t\t\t\t<h2><h1 style=\"font-size: 46px;color:white\">Dr. Dr. Hagner-Holler szak\u00e9rt\u0151<\/h1>\n<p style=\"font-size: 21px;color:white\"><br>Irod\u00e1nk szakter\u00fclete:&nbsp;<br>\u2022 \u00c9p\u00fcletvizesed\u00e9s<br>\u2022 Pen\u00e9szgomba&nbsp;<br>\u2022 K\u00e1rosanyagok<br>\u2022 Sz\u00e1r\u00edt\u00e1s<br>\u2022 K\u00fcls\u0151 szigetel\u00e9s<br>\u2022 \u00c9p\u00edt\u00e9szeti fav\u00e9delem<\/p>\n<\/h2>\t\t\t\t\n\t\t\t\t\t<h4><p id=\"Leistungen\">Szak\u00e9rt\u0151i szolg\u00e1ltat\u00e1saink<\/p><\/h4>\t\t\t\t\n\t\t\t\t\t\t\t\t\t<h3>\n\t\t\t\t\t\t\tMikrobi\u00e1lis fert\u0151z\u00e9sek \u2212 pen\u00e9szgomb\u00e1k \u00e9s belt\u00e9ri bakt\u00e9riumok\t\t\t\t\t\t\n\t\t\t\t\t<\/h3>\n\t\t\t\t\t\t\t\t\t<p>\n\t\t\t\t\t\t\u2022 A fert\u0151z\u00e9s ok\u00e1nak felder\u00edt\u00e9se \n\u2022 Mintav\u00e9tel (leveg\u0151min\u0151s\u00e9g m\u00e9r\u00e9se, kontaktmintav\u00e9tel, stb.) \n\u2022 \u00c9rt\u00e9kel\u00e9s \n\u2022 Fel\u00faj\u00edt\u00e1si koncepci\u00f3 \u00e9s \u00fatmutat\u00e1s \n\u2022 Fel\u00faj\u00edt\u00e1si munk\u00e1latok ellen\u0151rz\u00e9se\t\t\t\t\t<\/p>\n\t\t\t\t\t\t\t\t\t<h3>\n\t\t\t\t\t\t\tEgy\u00e9b k\u00e1rosanyagok \u2013 old\u00f3- \u00e9s l\u00e1gy\u00edt\u00f3szerek, stb.\t\t\t\t\t\t\n\t\t\t\t\t<\/h3>\n\t\t\t\t\t\t\t\t\t<p>\n\t\t\t\t\t\t\u2022 Belt\u00e9ri k\u00e1rosanyagok felm\u00e9r\u00e9se \n\u2022 \u00c9rt\u00e9kel\u00e9s \n\u2022 Fel\u00faj\u00edt\u00e1si koncepci\u00f3 \u00e9s \u00fatmutat\u00e1s \n\u2022 Fel\u00faj\u00edt\u00e1si lehet\u0151s\u00e9gekkel kapcsolatos tan\u00e1csad\u00e1s\t\t\t\t\t<\/p>\n\t\t\t\t\t\t\t\t\t<h3>\n\t\t\t\t\t\t\tT\u0171zk\u00e1r\t\t\t\t\t\t\n\t\t\t\t\t<\/h3>\n\t\t\t\t\t\t\t\t\t<p>\n\t\t\t\t\t\t\u2022 A fel\u00faj\u00edt\u00e1s m\u00e9rt\u00e9k\u00e9nek meg\u00e1llap\u00edt\u00e1sa k\u00e1rosanyag-felm\u00e9r\u00e9ssel \n\u2022 Fel\u00faj\u00edt\u00e1si koncepci\u00f3 \u00e9s \u00fatmutat\u00e1s\t\t\t\t\t<\/p>\n\t\t\t\t\t\t\t\t\t<h3>\n\t\t\t\t\t\t\tM\u0171szaki \u00e9p\u00fcletsz\u00e1r\u00edt\u00e1s ellen\u0151rz\u00e9se\t\t\t\t\t\t\n\t\t\t\t\t<\/h3>\n\t\t\t\t\t\t\t\t\t<p>\n\t\t\t\t\t\t\u2022 \u00c9rt\u00e9kel\u00e9s a hat\u00e9konys\u00e1g \u00e9s a szakszer\u0171 kivitelez\u00e9s figyelembev\u00e9tel\u00e9vel \n\u2022 Az ig\u00e9ny, \u00e9szszer\u0171s\u00e9g, gazdas\u00e1goss\u00e1g \u00e9s kivitelezhet\u0151s\u00e9g vizsg\u00e1lata \n\u2022 Fel\u00faj\u00edt\u00e1si koncepci\u00f3 \u00e9s \u00fatmutat\u00e1s\t\t\t\t\t<\/p>\n\t\t\t\t\t\t\t\t\t<h3>\n\t\t\t\t\t\t\t\u00c9p\u00edt\u00e9szeti fav\u00e9delem\t\t\t\t\t\t\n\t\t\t\t\t<\/h3>\n\t\t\t\t\t\t\t\t\t<p>\n\t\t\t\t\t\t\u2022 K\u00e1rtev\u0151k vizsg\u00e1lata \u00e9s pontos beazonos\u00edt\u00e1sa (gomb\u00e1k \u00e9s k\u00e1rtev\u0151 rovarok) \n\u2022 Fel\u00faj\u00edt\u00e1si koncepci\u00f3 \u00e9s \u00fatmutat\u00e1s\t\t\t\t\t<\/p>\n\t\t\t\t\t\t\t\t\t<h3>\n\t\t\t\t\t\t\tDohoss\u00e1g az \u00e9p\u00fcletben\t\t\t\t\t\t\n\t\t\t\t\t<\/h3>\n\t\t\t\t\t\t\t\t\t<p>\n\t\t\t\t\t\t\u2022 K\u00e1rfelm\u00e9r\u00e9s, szigetel\u00e9s megtervez\u00e9se \n\u2022 A v\u00edzvezet\u00e9kekben \u00e9s az \u00e9p\u00fcletben keletkezett k\u00e1r elhat\u00e1rol\u00e1sa \n\u2022 Fel\u00faj\u00edt\u00e1si koncepci\u00f3 \u00e9s \u00fatmutat\u00e1s\t\t\t\t\t<\/p>\n\t\t\t\t\t\t\t\t\t<h3>\n\t\t\t\t\t\t\tH\u00e1zv\u00e1s\u00e1rl\u00e1s el\u0151tti ellen\u0151rz\u00e9s\t\t\t\t\t\t\n\t\t\t\t\t<\/h3>\n\t\t\t\t\t\t\t\t\t<p>\n\t\t\t\t\t\t\u2022 Helysz\u00edni szemle (nedvess\u00e9gm\u00e9r\u00e9s, a potenci\u00e1lisan probl\u00e9m\u00e1s ter\u00fcletek felt\u00e9rk\u00e9pez\u00e9se)\t\t\t\t\t<\/p>\n\t\t\t\t\t\t\t\t\t<h3>\n\t\t\t\t\t\t\tTan\u00e1csad\u00e1s \u00faj h\u00e1z \u00e9p\u00edt\u00e9s\u00e9n\u00e9l\t\t\t\t\t\t\n\t\t\t\t\t<\/h3>\n\t\t\t\t\t\t\t\t\t<p>\n\t\t\t\t\t\t\u2022 Helysz\u00edni szemle k\u00fcl\u00f6n\u00f6s tekintettel az \u00e9p\u00edtkez\u00e9s k\u00f6zben esetlegesen felmer\u00fcl\u0151 mikrobi\u00e1lis n\u00f6veked\u00e9s vesz\u00e9lyeire\t\t\t\t\t<\/p>\n\t\t\t\t\t\t\t\t\t<h3>\n\t\t\t\t\t\t\t\u00c9p\u00fcletbiol\u00f3giai tan\u00e1csad\u00e1s\t\t\t\t\t\t\n\t\t\t\t\t<\/h3>\n\t\t\t\t\t\t\t\t\t<p>\n\t\t\t\t\t\t\u2022 Tan\u00e1csad\u00e1s a fel\u00faj\u00edt\u00e1s vagy \u00e9p\u00edtkez\u00e9s sor\u00e1n haszn\u00e1lt alapanyagok kiv\u00e1laszt\u00e1s\u00e1ban\t\t\t\t\t<\/p>\n\t\t\t\t\t\t\t\t\t<h3>\n\t\t\t\t\t\t\tA tervez\u00e9st\u0151l a dokument\u00e1ci\u00f3ig\t\t\t\t\t\t\n\t\t\t\t\t<\/h3>\n\t\t\t\t\t\t\t\t\t<p>\n\t\t\t\t\t\tKidolgozzuk a fel\u00faj\u00edt\u00e1s terveit \u00e9s ig\u00e9ny szerint v\u00e9gig is k\u00eds\u00e9rj\u00fck az eg\u00e9sz folyamatot az elej\u00e9t\u0151l a v\u00e9g\u00e9ig. A szakszer\u0171 lez\u00e1r\u00e1s r\u00e9sz\u00e9t k\u00e9pezi a fel\u00faj\u00edt\u00e1si munk\u00e1latok ellen\u0151rz\u00e9se, valamint a dokument\u00e1ci\u00f3.\t\t\t\t\t<\/p>\n\t\t\t\t\t<h4><p id=\"Team\">Az \u00d6n szak\u00e9rt\u0151i csapata<\/p><\/h4>\t\t\t\t\n\t\t\t\t\t<figure><img decoding=\"async\" src=\"http:\/\/www.sv-hagner-holler.de\/wp-content\/uploads\/2020\/03\/dr-dr-silke-hagner-holler-web1-web1-233x240-66.jpg\" title=\"dr-dr-silke-hagner-holler-web1-web1-233&#215;240-66\" alt=\"dr-dr-silke-hagner-holler-web1-web1-233x240-66\" loading=\"lazy\" \/><\/figure><h3>Dr. Dr. Silke Hagner-Holler<\/h3><p>DIPLOM\u00c1S BIOL\u00d3GUS \/ AGR\u00c1RM\u00c9RN\u00d6K <\/p>\t\t\t\t\n\t\t<p>Szak\u00e9rt\u0151i tev\u00e9kenys\u00e9g pen\u00e9szhez \u00e9s belt\u00e9ri k\u00e1rosanyagok \u00fcgy\u00e9ben 2004 \u00f3ta.<\/p>\n<p>Tov\u00e1bbk\u00e9pz\u00e9sek a k\u00f6vetkez\u0151 szakter\u00fcleteken:<br \/>R\u00e9gi \u00e9p\u00edt\u00e9s\u0171 h\u00e1zak fel\u00faj\u00edt\u00e1sa<br \/>\u00c9p\u00fcletenergetikai tan\u00fas\u00edt\u00f3<br \/>\u00c9p\u00edt\u00e9szeti fav\u00e9delem<\/p>\n<p id=\"tw-target-text\" dir=\"ltr\" data-placeholder=\"\u00dcbersetzung\">rendes tag at N\u00e9met \u00c9p\u00edt\u0151biol\u00f3gusok Sz\u00f6vets\u00e9ge<\/p>\t\t\n\t\t\t\t\t<figure><img fetchpriority=\"high\" decoding=\"async\" width=\"216\" height=\"240\" src=\"http:\/\/www.sv-hagner-holler.de\/wp-content\/uploads\/2020\/03\/michael-holler-web-web1-216x240-56.png\" alt=\"\" \/><\/figure><h3>Dipl. Geogr. Michael Holler<\/h3>\t\t\t\t\n\t\t<p>Szak\u00e9rt\u0151i tev\u00e9kenys\u00e9g sz\u00e1r\u00edt\u00e1stechnika, ut\u00f3lagos \u00e9p\u00fcletszigetel\u00e9s, nedvess\u00e9g okozta k\u00e1r \u00e9s pen\u00e9sz \u00fcgy\u00e9ben 2007 \u00f3ta.<br \/><br \/>Tov\u00e1bbk\u00e9pz\u00e9sek a k\u00f6vetkez\u0151 szakter\u00fcleteken:<br \/>Pen\u00e9sz szak\u00e9rt\u0151i v\u00e9lem\u00e9nyez\u00e9se \u00e9s elt\u00e1vol\u00edt\u00e1sa<\/p>\n<p>Ut\u00f3lagos \u00e9p\u00fcletszigetel\u00e9s<\/p>\n<p>Nedvess\u00e9g okozta k\u00e1r eset\u00e9ben 10 \u00e9ves tapasztalattal \u00e9s saj\u00e1t c\u00e9ggel rendelkez\u00fcnk \u00e9p\u00fcletsz\u00e1r\u00edt\u00e1s, diagn\u00f3zis \u00e9s probl\u00e9mamegold\u00e1s ter\u00e9n.<\/p>\t\t\n\t\t\t\t\t<h4><p id=\"Galerie\">Projektjeink<\/p><\/h4>\t\t\t\t\n\t\t\t\t\t\t\t\t<figure><img decoding=\"async\" src=\"http:\/\/www.sv-hagner-holler.de\/wp-content\/uploads\/elementor\/thumbs\/image-schimmel-01-522x480-72-p6ooou9hwr1wlwgefiis0grja6f25imh6wewerqpq8.png\" alt=\"image-schimmel-01-522x480-72\" \/><\/figure><figure><img decoding=\"async\" src=\"http:\/\/www.sv-hagner-holler.de\/wp-content\/uploads\/elementor\/thumbs\/image-schimmel-02-640x450-27-p6ooou9hwr1wlwgefiis0grja6f25imh6wewerqphw.png\" alt=\"image-schimmel-02-640x450-27\" \/><\/figure><figure><img decoding=\"async\" src=\"http:\/\/www.sv-hagner-holler.de\/wp-content\/uploads\/2020\/03\/image-schimmel-03-480x496-60-150x150.png\" alt=\"image-schimmel-03-480x496-60\" \/><\/figure><figure><img decoding=\"async\" src=\"http:\/\/www.sv-hagner-holler.de\/wp-content\/uploads\/elementor\/thumbs\/image-schimmel-04-480x582-22-p6ooou9hwr1wlwgefiis0grja6f25imh6wewefu1s8.png\" alt=\"image-schimmel-04-480x582-22\" \/><\/figure><figure><img decoding=\"async\" src=\"http:\/\/www.sv-hagner-holler.de\/wp-content\/uploads\/elementor\/thumbs\/image-schimmel-05-480x640-47-p6ooou9hwr1wlwgefiis0grja6f25imh6wewefu1s8.png\" alt=\"image-schimmel-05-480x640-47\" \/><\/figure><figure><img decoding=\"async\" src=\"http:\/\/www.sv-hagner-holler.de\/wp-content\/uploads\/elementor\/thumbs\/image-schimmel-06-480x640-55-p6ooou9hwr1wlwgefiis0grja6f25imh6wewefu1s8.png\" alt=\"image-schimmel-06-480x640-55\" \/><\/figure><figure><img decoding=\"async\" src=\"http:\/\/www.sv-hagner-holler.de\/wp-content\/uploads\/elementor\/thumbs\/image-schimmel-07-480x640-22-p6ooou9hwr1wlwgefiis0grja6f25imh6wewefu1s8.png\" alt=\"image-schimmel-07-480x640-22\" \/><\/figure><figure><img decoding=\"async\" src=\"http:\/\/www.sv-hagner-holler.de\/wp-content\/uploads\/elementor\/thumbs\/image-schimmel-08-640x480-87-p6ooou9hwr1wlwgefiis0grja6f25imh6wewerqpq8.png\" alt=\"image-schimmel-08-640x480-87\" \/><\/figure><figure><img decoding=\"async\" src=\"http:\/\/www.sv-hagner-holler.de\/wp-content\/uploads\/elementor\/thumbs\/image-schimmel-09-640x480-31-p6ooou9hwr1wlwgefiis0grja6f25imh6wewerqpq8.png\" alt=\"image-schimmel-09-640x480-31\" \/><\/figure><figure><img decoding=\"async\" src=\"http:\/\/www.sv-hagner-holler.de\/wp-content\/uploads\/elementor\/thumbs\/image-schimmel-10-640x480-30-p6ooou9hwr1wlwgefiis0grja6f25imh6wewerqpq8.png\" alt=\"image-schimmel-10-640x480-30\" \/><\/figure><figure><img decoding=\"async\" src=\"http:\/\/www.sv-hagner-holler.de\/wp-content\/uploads\/elementor\/thumbs\/image-schimmel-11-640x480-98-p6ooou9hwr1wlwgefiis0grja6f25imh6wewerqpq8.png\" alt=\"image-schimmel-11-640x480-98\" \/><\/figure>\t\t\t\n\t\t\t\t\t<h1><h1 id=\"Kontakt\"><\/h1><\/h1>","protected":false},"excerpt":{"rendered":"<p>Dr. Dr. Hagner-Holler szak\u00e9rt\u0151 Irod\u00e1nk szakter\u00fclete:&nbsp;\u2022 \u00c9p\u00fcletvizesed\u00e9s\u2022 Pen\u00e9szgomba&nbsp;\u2022 K\u00e1rosanyagok\u2022 Sz\u00e1r\u00edt\u00e1s\u2022 K\u00fcls\u0151 szigetel\u00e9s\u2022 \u00c9p\u00edt\u00e9szeti fav\u00e9delem Szak\u00e9rt\u0151i szolg\u00e1ltat\u00e1saink Mikrobi\u00e1lis fert\u0151z\u00e9sek \u2212 pen\u00e9szgomb\u00e1k \u00e9s belt\u00e9ri bakt\u00e9riumok \u2022 A fert\u0151z\u00e9s ok\u00e1nak felder\u00edt\u00e9se \u2022 Mintav\u00e9tel (leveg\u0151min\u0151s\u00e9g m\u00e9r\u00e9se, kontaktmintav\u00e9tel, stb.) \u2022 \u00c9rt\u00e9kel\u00e9s \u2022 Fel\u00faj\u00edt\u00e1si koncepci\u00f3 \u00e9s \u00fatmutat\u00e1s \u2022 Fel\u00faj\u00edt\u00e1si munk\u00e1latok ellen\u0151rz\u00e9se Egy\u00e9b k\u00e1rosanyagok \u2013 old\u00f3- \u00e9s l\u00e1gy\u00edt\u00f3szerek, stb. \u2022 Belt\u00e9ri k\u00e1rosanyagok [&hellip;]<\/p>\n","protected":false},"author":1,"featured_media":0,"parent":0,"menu_order":0,"comment_status":"closed","ping_status":"closed","template":"","meta":{"ocean_post_layout":"full-screen","ocean_both_sidebars_style":"","ocean_both_sidebars_content_width":0,"ocean_both_sidebars_sidebars_width":0,"ocean_sidebar":"0","ocean_second_sidebar":"0","ocean_disable_margins":"enable","ocean_add_body_class":"","ocean_shortcode_before_top_bar":"","ocean_shortcode_after_top_bar":"","ocean_shortcode_before_header":"","ocean_shortcode_after_header":"","ocean_has_shortcode":"","ocean_shortcode_after_title":"","ocean_shortcode_before_footer_widgets":"","ocean_shortcode_after_footer_widgets":"","ocean_shortcode_before_footer_bottom":"","ocean_shortcode_after_footer_bottom":"","ocean_display_top_bar":"on","ocean_display_header":"on","ocean_header_style":"","ocean_center_header_left_menu":"0","ocean_custom_header_template":"0","ocean_custom_logo":0,"ocean_custom_retina_logo":0,"ocean_custom_logo_max_width":0,"ocean_custom_logo_tablet_max_width":0,"ocean_custom_logo_mobile_max_width":0,"ocean_custom_logo_max_height":0,"ocean_custom_logo_tablet_max_height":0,"ocean_custom_logo_mobile_max_height":0,"ocean_header_custom_menu":"0","ocean_menu_typo_font_family":"0","ocean_menu_typo_font_subset":"","ocean_menu_typo_font_size":0,"ocean_menu_typo_font_size_tablet":0,"ocean_menu_typo_font_size_mobile":0,"ocean_menu_typo_font_size_unit":"px","ocean_menu_typo_font_weight":"","ocean_menu_typo_font_weight_tablet":"","ocean_menu_typo_font_weight_mobile":"","ocean_menu_typo_transform":"","ocean_menu_typo_transform_tablet":"","ocean_menu_typo_transform_mobile":"","ocean_menu_typo_line_height":0,"ocean_menu_typo_line_height_tablet":0,"ocean_menu_typo_line_height_mobile":0,"ocean_menu_typo_line_height_unit":"","ocean_menu_typo_spacing":0,"ocean_menu_typo_spacing_tablet":0,"ocean_menu_typo_spacing_mobile":0,"ocean_menu_typo_spacing_unit":"","ocean_menu_link_color":"","ocean_menu_link_color_hover":"","ocean_menu_link_color_active":"","ocean_menu_link_background":"","ocean_menu_link_hover_background":"","ocean_menu_link_active_background":"","ocean_menu_social_links_bg":"","ocean_menu_social_hover_links_bg":"","ocean_menu_social_links_color":"","ocean_menu_social_hover_links_color":"","ocean_disable_title":"on","ocean_disable_heading":"default","ocean_post_title":"","ocean_post_subheading":"","ocean_post_title_style":"","ocean_post_title_background_color":"","ocean_post_title_background":0,"ocean_post_title_bg_image_position":"","ocean_post_title_bg_image_attachment":"","ocean_post_title_bg_image_repeat":"","ocean_post_title_bg_image_size":"","ocean_post_title_height":0,"ocean_post_title_bg_overlay":0.5,"ocean_post_title_bg_overlay_color":"","ocean_disable_breadcrumbs":"default","ocean_breadcrumbs_color":"","ocean_breadcrumbs_separator_color":"","ocean_breadcrumbs_links_color":"","ocean_breadcrumbs_links_hover_color":"","ocean_display_footer_widgets":"on","ocean_display_footer_bottom":"on","ocean_custom_footer_template":"0","_themeisle_gutenberg_block_has_review":false,"footnotes":""},"class_list":["post-4313","page","type-page","status-publish","hentry","entry"],"translation":{"provider":"WPGlobus","version":"3.0.0","language":"hu","enabled_languages":["de","en","hu"],"languages":{"de":{"title":true,"content":true,"excerpt":false},"en":{"title":true,"content":true,"excerpt":false},"hu":{"title":true,"content":true,"excerpt":false}}},"_links":{"self":[{"href":"https:\/\/www.sv-hagner-holler.de\/hu\/wp-json\/wp\/v2\/pages\/4313","targetHints":{"allow":["GET"]}}],"collection":[{"href":"https:\/\/www.sv-hagner-holler.de\/hu\/wp-json\/wp\/v2\/pages"}],"about":[{"href":"https:\/\/www.sv-hagner-holler.de\/hu\/wp-json\/wp\/v2\/types\/page"}],"author":[{"embeddable":true,"href":"https:\/\/www.sv-hagner-holler.de\/hu\/wp-json\/wp\/v2\/users\/1"}],"replies":[{"embeddable":true,"href":"https:\/\/www.sv-hagner-holler.de\/hu\/wp-json\/wp\/v2\/comments?post=4313"}],"version-history":[{"count":205,"href":"https:\/\/www.sv-hagner-holler.de\/hu\/wp-json\/wp\/v2\/pages\/4313\/revisions"}],"predecessor-version":[{"id":4671,"href":"https:\/\/www.sv-hagner-holler.de\/hu\/wp-json\/wp\/v2\/pages\/4313\/revisions\/4671"}],"wp:attachment":[{"href":"https:\/\/www.sv-hagner-holler.de\/hu\/wp-json\/wp\/v2\/media?parent=4313"}],"curies":[{"name":"wp","href":"https:\/\/api.w.org\/{rel}","templated":true}]}}